{"id":10256,"date":"2022-08-03T15:59:28","date_gmt":"2022-08-03T13:59:28","guid":{"rendered":"https:\/\/www.foxlive.es\/home\/"},"modified":"2025-06-23T10:04:33","modified_gmt":"2025-06-23T08:04:33","slug":"home","status":"publish","type":"page","link":"https:\/\/www.foxlive.es\/ca\/","title":{"rendered":"Home"},"content":{"rendered":"\t\t<div data-elementor-type=\"wp-page\" data-elementor-id=\"10256\" class=\"elementor elementor-10256 elementor-7105\">\n\t\t\t\t<div data-particle_enable=\"false\" data-particle-mobile-disabled=\"false\" class=\"elementor-element elementor-element-4a37b87 e-grid e-con-boxed e-con e-parent\" data-id=\"4a37b87\" data-element_type=\"container\" data-e-type=\"container\">\n\t\t\t\t\t<div class=\"e-con-inner\">\n\t\t\t\t<div class=\"elementor-element elementor-element-dd95c08 elementor-widget elementor-widget-image\" data-id=\"dd95c08\" data-element_type=\"widget\" data-e-type=\"widget\" data-widget_type=\"image.default\">\n\t\t\t\t<div class=\"elementor-widget-container\">\n\t\t\t\t\t\t\t\t\t\t\t\t<figure class=\"wp-caption\">\n\t\t\t\t\t\t\t\t\t\t\t<a href=\"\/ca\/categoria-producto\/reparacio-iphone-barcelona\/\">\n\t\t\t\t\t\t\t<img decoding=\"async\" width=\"100\" height=\"100\" src=\"https:\/\/www.foxlive.es\/wp-content\/uploads\/2025\/03\/phone-reparacion-30-100x100.jpg\" class=\"attachment-cgkit_image_swatch size-cgkit_image_swatch wp-image-9826\" alt=\"IPhone 15 Pro Max\" srcset=\"https:\/\/www.foxlive.es\/wp-content\/uploads\/2025\/03\/phone-reparacion-30-100x100.jpg 100w, https:\/\/www.foxlive.es\/wp-content\/uploads\/2025\/03\/phone-reparacion-30-150x150.jpg 150w\" sizes=\"(max-width: 100px) 100vw, 100px\" \/>\t\t\t\t\t\t\t\t<\/a>\n\t\t\t\t\t\t\t\t\t\t\t<figcaption class=\"widget-image-caption wp-caption-text\">iPhone<\/figcaption>\n\t\t\t\t\t\t\t\t\t\t<\/figure>\n\t\t\t\t\t\t\t\t\t<\/div>\n\t\t\t\t<\/div>\n\t\t\t\t<div class=\"elementor-element elementor-element-31421bd elementor-widget elementor-widget-image\" data-id=\"31421bd\" data-element_type=\"widget\" data-e-type=\"widget\" data-widget_type=\"image.default\">\n\t\t\t\t<div class=\"elementor-widget-container\">\n\t\t\t\t\t\t\t\t\t\t\t\t<figure class=\"wp-caption\">\n\t\t\t\t\t\t\t\t\t\t\t<a href=\"\/ca\/categoria-producto\/reparacio-ipad-barcelona\/\">\n\t\t\t\t\t\t\t<img decoding=\"async\" width=\"100\" height=\"100\" src=\"https:\/\/www.foxlive.es\/wp-content\/uploads\/2025\/03\/reparacion-tablet-1-42-100x100.jpg\" class=\"attachment-cgkit_image_swatch size-cgkit_image_swatch wp-image-9910\" alt=\"iPad Pro 12.9\" srcset=\"https:\/\/www.foxlive.es\/wp-content\/uploads\/2025\/03\/reparacion-tablet-1-42-100x100.jpg 100w, https:\/\/www.foxlive.es\/wp-content\/uploads\/2025\/03\/reparacion-tablet-1-42-150x150.jpg 150w, https:\/\/www.foxlive.es\/wp-content\/uploads\/2025\/03\/reparacion-tablet-1-42.jpg 202w\" sizes=\"(max-width: 100px) 100vw, 100px\" \/>\t\t\t\t\t\t\t\t<\/a>\n\t\t\t\t\t\t\t\t\t\t\t<figcaption class=\"widget-image-caption wp-caption-text\">iPad<\/figcaption>\n\t\t\t\t\t\t\t\t\t\t<\/figure>\n\t\t\t\t\t\t\t\t\t<\/div>\n\t\t\t\t<\/div>\n\t\t\t\t<div class=\"elementor-element elementor-element-4e604fb elementor-widget elementor-widget-image\" data-id=\"4e604fb\" data-element_type=\"widget\" data-e-type=\"widget\" data-widget_type=\"image.default\">\n\t\t\t\t<div class=\"elementor-widget-container\">\n\t\t\t\t\t\t\t\t\t\t\t\t<figure class=\"wp-caption\">\n\t\t\t\t\t\t\t\t\t\t\t<a href=\"\/ca\/categoria-producto\/reparacio-macbook-barcelona\/\">\n\t\t\t\t\t\t\t<img decoding=\"async\" width=\"100\" height=\"100\" src=\"https:\/\/www.foxlive.es\/wp-content\/uploads\/2025\/03\/laptop-reparacion-1-27-100x100.jpg\" class=\"attachment-cgkit_image_swatch size-cgkit_image_swatch wp-image-10166\" alt=\"MacBook Air A2941\" srcset=\"https:\/\/www.foxlive.es\/wp-content\/uploads\/2025\/03\/laptop-reparacion-1-27-100x100.jpg 100w, https:\/\/www.foxlive.es\/wp-content\/uploads\/2025\/03\/laptop-reparacion-1-27-150x150.jpg 150w\" sizes=\"(max-width: 100px) 100vw, 100px\" \/>\t\t\t\t\t\t\t\t<\/a>\n\t\t\t\t\t\t\t\t\t\t\t<figcaption class=\"widget-image-caption wp-caption-text\">MacBook<\/figcaption>\n\t\t\t\t\t\t\t\t\t\t<\/figure>\n\t\t\t\t\t\t\t\t\t<\/div>\n\t\t\t\t<\/div>\n\t\t\t\t<div class=\"elementor-element elementor-element-186b8ef elementor-widget elementor-widget-image\" data-id=\"186b8ef\" data-element_type=\"widget\" data-e-type=\"widget\" data-widget_type=\"image.default\">\n\t\t\t\t<div class=\"elementor-widget-container\">\n\t\t\t\t\t\t\t\t\t\t\t\t<figure class=\"wp-caption\">\n\t\t\t\t\t\t\t\t\t\t\t<a href=\"\/ca\/categoria-producto\/reparacio-imac-barcelona\/\">\n\t\t\t\t\t\t\t<img decoding=\"async\" src=\"https:\/\/www.foxlive.es\/wp-content\/uploads\/elementor\/thumbs\/imac-icon-r3wcocysmhtih2j0js647fcrdoejmfs732vg5hk5xc.jpg\" title=\"imac-icon\" alt=\"imac-icon\" loading=\"lazy\" \/>\t\t\t\t\t\t\t\t<\/a>\n\t\t\t\t\t\t\t\t\t\t\t<figcaption class=\"widget-image-caption wp-caption-text\">iMac<\/figcaption>\n\t\t\t\t\t\t\t\t\t\t<\/figure>\n\t\t\t\t\t\t\t\t\t<\/div>\n\t\t\t\t<\/div>\n\t\t\t\t\t<\/div>\n\t\t\t\t<\/div>\n\t\t\t\t<section data-particle_enable=\"false\" data-particle-mobile-disabled=\"false\" class=\"elementor-section elementor-top-section elementor-element elementor-element-e0ee2b2 lazy-background elementor-section-content-middle elementor-section-height-min-height elementor-section-boxed elementor-section-height-default elementor-section-items-middle\" data-id=\"e0ee2b2\" data-element_type=\"section\" data-e-type=\"section\" data-settings=\"{&quot;background_background&quot;:&quot;gradient&quot;}\">\n\t\t\t\t\t\t\t<div class=\"elementor-background-overlay\"><\/div>\n\t\t\t\t\t\t\t<div class=\"elementor-container elementor-column-gap-default\">\n\t\t\t\t\t<div class=\"elementor-column elementor-col-100 elementor-top-column elementor-element elementor-element-20bf6896\" data-id=\"20bf6896\" data-element_type=\"column\" data-e-type=\"column\">\n\t\t\t<div class=\"elementor-widget-wrap elementor-element-populated\">\n\t\t\t\t\t\t<section data-particle_enable=\"false\" data-particle-mobile-disabled=\"false\" class=\"elementor-section elementor-inner-section elementor-element elementor-element-ee3ac50 custom-elementor-grid elementor-section-boxed elementor-section-height-default elementor-section-height-default\" data-id=\"ee3ac50\" data-element_type=\"section\" data-e-type=\"section\">\n\t\t\t\t\t\t<div class=\"elementor-container elementor-column-gap-default\">\n\t\t\t\t\t<div class=\"elementor-column elementor-col-100 elementor-inner-column elementor-element elementor-element-7ce62a4\" data-id=\"7ce62a4\" data-element_type=\"column\" data-e-type=\"column\">\n\t\t\t<div class=\"elementor-widget-wrap elementor-element-populated\">\n\t\t\t\t\t\t<div class=\"elementor-element elementor-element-efde2a0 elementor-widget elementor-widget-spacer\" data-id=\"efde2a0\" data-element_type=\"widget\" data-e-type=\"widget\" data-widget_type=\"spacer.default\">\n\t\t\t\t<div class=\"elementor-widget-container\">\n\t\t\t\t\t\t\t<div class=\"elementor-spacer\">\n\t\t\t<div class=\"elementor-spacer-inner\"><\/div>\n\t\t<\/div>\n\t\t\t\t\t\t<\/div>\n\t\t\t\t<\/div>\n\t\t\t\t<div class=\"elementor-element elementor-element-15b7c85 elementor-widget elementor-widget-heading\" data-id=\"15b7c85\" data-element_type=\"widget\" data-e-type=\"widget\" data-widget_type=\"heading.default\">\n\t\t\t\t<div class=\"elementor-widget-container\">\n\t\t\t\t\t<h1 class=\"elementor-heading-title elementor-size-default\">Servei t\u00e8cnic per a dispositius Apple a Barcelona<\/h1>\t\t\t\t<\/div>\n\t\t\t\t<\/div>\n\t\t\t\t<div class=\"elementor-element elementor-element-a87fefa elementor-widget elementor-widget-heading\" data-id=\"a87fefa\" data-element_type=\"widget\" data-e-type=\"widget\" data-widget_type=\"heading.default\">\n\t\t\t\t<div class=\"elementor-widget-container\">\n\t\t\t\t\t<h2 class=\"elementor-heading-title elementor-size-default\">Busques reparar el teu iPhone, iPad, MacBook o iMac a Barcelona al millor preu? <\/h2>\t\t\t\t<\/div>\n\t\t\t\t<\/div>\n\t\t\t\t<div class=\"elementor-element elementor-element-69357a0 elementor-widget elementor-widget-text-editor\" data-id=\"69357a0\" data-element_type=\"widget\" data-e-type=\"widget\" data-widget_type=\"text-editor.default\">\n\t\t\t\t<div class=\"elementor-widget-container\">\n\t\t\t\t\t\t\t\t\t<p>A Foxlive, som especialistes en la reparaci\u00f3 de dispositius Apple amb m\u00e9s de 10 anys d&#8217;experi\u00e8ncia.<\/p>\t\t\t\t\t\t\t\t<\/div>\n\t\t\t\t<\/div>\n\t\t\t\t<div class=\"elementor-element elementor-element-26f3202 elementor-widget elementor-widget-image\" data-id=\"26f3202\" data-element_type=\"widget\" data-e-type=\"widget\" data-widget_type=\"image.default\">\n\t\t\t\t<div class=\"elementor-widget-container\">\n\t\t\t\t\t\t\t\t\t\t\t\t<figure class=\"wp-caption\">\n\t\t\t\t\t\t\t\t\t\t<img loading=\"lazy\" decoding=\"async\" width=\"512\" height=\"384\" src=\"https:\/\/www.foxlive.es\/wp-content\/uploads\/2024\/11\/reparacion_2.png\" class=\"attachment-full size-full wp-image-9488\" alt=\"\" srcset=\"https:\/\/www.foxlive.es\/wp-content\/uploads\/2024\/11\/reparacion_2.png 512w, https:\/\/www.foxlive.es\/wp-content\/uploads\/2024\/11\/reparacion_2-300x225.png 300w, https:\/\/www.foxlive.es\/wp-content\/uploads\/2024\/11\/reparacion_2-150x113.png 150w, https:\/\/www.foxlive.es\/wp-content\/uploads\/2024\/11\/reparacion_2-441x331.png 441w\" sizes=\"(max-width: 512px) 100vw, 512px\" \/>\t\t\t\t\t\t\t\t\t\t\t<figcaption class=\"widget-image-caption wp-caption-text\"><\/figcaption>\n\t\t\t\t\t\t\t\t\t\t<\/figure>\n\t\t\t\t\t\t\t\t\t<\/div>\n\t\t\t\t<\/div>\n\t\t\t\t<div class=\"elementor-element elementor-element-273b2c8 elementor-widget elementor-widget-heading\" data-id=\"273b2c8\" data-element_type=\"widget\" data-e-type=\"widget\" data-widget_type=\"heading.default\">\n\t\t\t\t<div class=\"elementor-widget-container\">\n\t\t\t\t\t<h2 class=\"elementor-heading-title elementor-size-default\">Tens dubtes sobre la reparaci\u00f3 del dispositiu?<\/h2>\t\t\t\t<\/div>\n\t\t\t\t<\/div>\n\t\t\t\t<div class=\"elementor-element elementor-element-6f4c3ba elementor-widget elementor-widget-heading\" data-id=\"6f4c3ba\" data-element_type=\"widget\" data-e-type=\"widget\" data-widget_type=\"heading.default\">\n\t\t\t\t<div class=\"elementor-widget-container\">\n\t\t\t\t\t<div class=\"elementor-heading-title elementor-size-default\">* Contacti per a preus especials per a botigues i serveis t\u00e8cnics<\/div>\t\t\t\t<\/div>\n\t\t\t\t<\/div>\n\t\t\t\t<div class=\"elementor-element elementor-element-3c5177f elementor-align-center elementor-mobile-align-center elementor-widget elementor-widget-button\" data-id=\"3c5177f\" data-element_type=\"widget\" data-e-type=\"widget\" data-widget_type=\"button.default\">\n\t\t\t\t<div class=\"elementor-widget-container\">\n\t\t\t\t\t\t\t\t\t<div class=\"elementor-button-wrapper\">\n\t\t\t\t\t<a class=\"elementor-button elementor-button-link elementor-size-md elementor-animation-grow\" href=\"https:\/\/maps.app.goo.gl\/9rQQ9v1AiX9eSEU18\" target=\"_blank\" rel=\"noopener\">\n\t\t\t\t\t\t<span class=\"elementor-button-content-wrapper\">\n\t\t\t\t\t\t\t\t\t<span class=\"elementor-button-text\">Pregunta a un expert \u2192<\/span>\n\t\t\t\t\t<\/span>\n\t\t\t\t\t<\/a>\n\t\t\t\t<\/div>\n\t\t\t\t\t\t\t\t<\/div>\n\t\t\t\t<\/div>\n\t\t\t\t\t<\/div>\n\t\t<\/div>\n\t\t\t\t\t<\/div>\n\t\t<\/section>\n\t\t\t\t<div class=\"elementor-element elementor-element-5332987 elementor-widget elementor-widget-spacer\" data-id=\"5332987\" data-element_type=\"widget\" data-e-type=\"widget\" data-widget_type=\"spacer.default\">\n\t\t\t\t<div class=\"elementor-widget-container\">\n\t\t\t\t\t\t\t<div class=\"elementor-spacer\">\n\t\t\t<div class=\"elementor-spacer-inner\"><\/div>\n\t\t<\/div>\n\t\t\t\t\t\t<\/div>\n\t\t\t\t<\/div>\n\t\t\t\t\t<\/div>\n\t\t<\/div>\n\t\t\t\t\t<\/div>\n\t\t<\/section>\n\t\t<div data-particle_enable=\"false\" data-particle-mobile-disabled=\"false\" class=\"elementor-element elementor-element-c4880d4 e-grid e-con-boxed e-con e-parent\" data-id=\"c4880d4\" data-element_type=\"container\" data-e-type=\"container\">\n\t\t\t\t\t<div class=\"e-con-inner\">\n\t\t\t\t<div class=\"elementor-element elementor-element-99d88c5 elementor-widget elementor-widget-text-editor\" data-id=\"99d88c5\" data-element_type=\"widget\" data-e-type=\"widget\" data-widget_type=\"text-editor.default\">\n\t\t\t\t<div class=\"elementor-widget-container\">\n\t\t\t\t\t\t\t\t\t<h3 style=\"text-align: center;\"><strong>Reparaci\u00f3 d&#8217;iPhone a Barcelona<\/strong><\/h3><p style=\"text-align: center;\"><strong>Pantalles trencades:<\/strong> Des de 79\u20ac (iPhone X\/11\/12\/13\/14\/15)<\/p><p style=\"text-align: center;\"><strong>Bateries: <\/strong>59\u20ac amb capacitat de l&#8217;original<\/p><p style=\"text-align: center;\"><strong>C\u00e1maras<\/strong>: Soluci\u00f3n para fotos borrosas o negras<\/p><p style=\"text-align: center;\"><strong>Puertos de carga<\/strong>: Arreglo desde 45\u20ac<\/p>\t\t\t\t\t\t\t\t<\/div>\n\t\t\t\t<\/div>\n\t\t\t\t<div class=\"elementor-element elementor-element-320654f elementor-widget elementor-widget-text-editor\" data-id=\"320654f\" data-element_type=\"widget\" data-e-type=\"widget\" data-widget_type=\"text-editor.default\">\n\t\t\t\t<div class=\"elementor-widget-container\">\n\t\t\t\t\t\t\t\t\t<h3><strong>Reparaci\u00f3n de MacBook en Barcelona<\/strong><\/h3><p><strong>Pantallas Retina<\/strong>: Cambio r\u00e1pido con garant\u00eda<\/p><p><strong>Teclados Butterfly<\/strong>: Soluci\u00f3n definitiva<\/p><p><strong>Placas base<\/strong>: Diagn\u00f3stico gratuito<\/p><p><strong>Actualizaci\u00f3n a SSD<\/strong>: Revive tu MacBook lento<\/p>\t\t\t\t\t\t\t\t<\/div>\n\t\t\t\t<\/div>\n\t\t\t\t<div class=\"elementor-element elementor-element-2862ebf elementor-widget elementor-widget-text-editor\" data-id=\"2862ebf\" data-element_type=\"widget\" data-e-type=\"widget\" data-widget_type=\"text-editor.default\">\n\t\t\t\t<div class=\"elementor-widget-container\">\n\t\t\t\t\t\t\t\t\t<h3><strong>Reparaci\u00f3n de iMac en Barcelona<\/strong><\/h3><p><strong>Pantallas 4K\/5K<\/strong>: Reemplazo profesional<\/p><p><strong>Problemas de placa base<\/strong>: Reparaci\u00f3n avanzada<\/p><p><strong>Actualizaci\u00f3n a SSD<\/strong>: Elimina la lentitud<\/p>\t\t\t\t\t\t\t\t<\/div>\n\t\t\t\t<\/div>\n\t\t\t\t<div class=\"elementor-element elementor-element-76369d2 elementor-widget elementor-widget-text-editor\" data-id=\"76369d2\" data-element_type=\"widget\" data-e-type=\"widget\" data-widget_type=\"text-editor.default\">\n\t\t\t\t<div class=\"elementor-widget-container\">\n\t\t\t\t\t\t\t\t\t<h3><strong>Reparaci\u00f3 d&#8217;iPad a Barcelona<\/strong><\/h3><p><strong>Pantallas t\u00e1ctiles<\/strong>: Desde 99\u20ac (todos los modelos)<\/p><p><strong>Bater\u00edas<\/strong>: Autonom\u00eda como nueva<\/p><p><strong>Puertos Lightning\/USB-C<\/strong>: Reparaci\u00f3n en el d\u00eda<\/p>\t\t\t\t\t\t\t\t<\/div>\n\t\t\t\t<\/div>\n\t\t\t\t\t<\/div>\n\t\t\t\t<\/div>\n\t\t<div data-particle_enable=\"false\" data-particle-mobile-disabled=\"false\" class=\"elementor-element elementor-element-9975acf e-flex e-con-boxed e-con e-parent\" data-id=\"9975acf\" data-element_type=\"container\" data-e-type=\"container\" data-settings=\"{&quot;background_background&quot;:&quot;gradient&quot;}\">\n\t\t\t\t\t<div class=\"e-con-inner\">\n\t\t\t\t<div class=\"elementor-element elementor-element-772054b elementor-widget elementor-widget-spacer\" data-id=\"772054b\" data-element_type=\"widget\" data-e-type=\"widget\" data-widget_type=\"spacer.default\">\n\t\t\t\t<div class=\"elementor-widget-container\">\n\t\t\t\t\t\t\t<div class=\"elementor-spacer\">\n\t\t\t<div class=\"elementor-spacer-inner\"><\/div>\n\t\t<\/div>\n\t\t\t\t\t\t<\/div>\n\t\t\t\t<\/div>\n\t\t\t\t<div class=\"elementor-element elementor-element-7be0f92 elementor-widget elementor-widget-heading\" data-id=\"7be0f92\" data-element_type=\"widget\" data-e-type=\"widget\" data-widget_type=\"heading.default\">\n\t\t\t\t<div class=\"elementor-widget-container\">\n\t\t\t\t\t<h2 class=\"elementor-heading-title elementor-size-default\">Componentes y accesorios para m\u00f3vil, port\u00e1til, pc y tablet<\/h2>\t\t\t\t<\/div>\n\t\t\t\t<\/div>\n\t\t\t\t\t<\/div>\n\t\t\t\t<\/div>\n\t\t<div data-particle_enable=\"false\" data-particle-mobile-disabled=\"false\" class=\"elementor-element elementor-element-a77bb1f e-flex e-con-boxed e-con e-parent\" data-id=\"a77bb1f\" data-element_type=\"container\" data-e-type=\"container\" data-settings=\"{&quot;background_background&quot;:&quot;gradient&quot;}\">\n\t\t\t\t\t<div class=\"e-con-inner\">\n\t\t\t\t<div class=\"elementor-element elementor-element-83764d8 elementor-widget elementor-widget-heading\" data-id=\"83764d8\" data-element_type=\"widget\" data-e-type=\"widget\" data-widget_type=\"heading.default\">\n\t\t\t\t<div class=\"elementor-widget-container\">\n\t\t\t\t\t<h3 class=\"elementor-heading-title elementor-size-default\">Distribuci\u00f3n de pantallas y bater\u00edas para iPhone, iPad y MacBook.<br>Aproveche los mejores precios en accesorios compatibles con Apple.<\/h3>\t\t\t\t<\/div>\n\t\t\t\t<\/div>\n\t\t\t\t<div class=\"elementor-element elementor-element-564dae6 elementor-widget elementor-widget-heading\" data-id=\"564dae6\" data-element_type=\"widget\" data-e-type=\"widget\" data-widget_type=\"heading.default\">\n\t\t\t\t<div class=\"elementor-widget-container\">\n\t\t\t\t\t<p class=\"elementor-heading-title elementor-size-default\">*Contacte para precios especiales para tiendas y servicios t\u00e9cnicos. Env\u00edos a toda Espa\u00f1a.<\/p>\t\t\t\t<\/div>\n\t\t\t\t<\/div>\n\t\t\t\t\t<\/div>\n\t\t\t\t<\/div>\n\t\t\t\t<section data-particle_enable=\"false\" data-particle-mobile-disabled=\"false\" class=\"elementor-section elementor-top-section elementor-element elementor-element-13626177 elementor-section-stretched elementor-section-boxed elementor-section-height-default elementor-section-height-default\" data-id=\"13626177\" data-element_type=\"section\" data-e-type=\"section\" data-settings=\"{&quot;stretch_section&quot;:&quot;section-stretched&quot;}\">\n\t\t\t\t\t\t<div class=\"elementor-container elementor-column-gap-wide\">\n\t\t\t\t\t<div class=\"elementor-column elementor-col-100 elementor-top-column elementor-element elementor-element-7091b17a\" data-id=\"7091b17a\" data-element_type=\"column\" data-e-type=\"column\">\n\t\t\t<div class=\"elementor-widget-wrap elementor-element-populated\">\n\t\t\t\t\t\t<div class=\"elementor-element elementor-element-4cb141a5 elementor-widget elementor-widget-heading\" data-id=\"4cb141a5\" data-element_type=\"widget\" data-e-type=\"widget\" data-widget_type=\"heading.default\">\n\t\t\t\t<div class=\"elementor-widget-container\">\n\t\t\t\t\t<h2 class=\"elementor-heading-title elementor-size-default\">Marcas que distribuimos<\/h2>\t\t\t\t<\/div>\n\t\t\t\t<\/div>\n\t\t\t\t<div class=\"elementor-element elementor-element-5f30d4e elementor-widget elementor-widget-heading\" data-id=\"5f30d4e\" data-element_type=\"widget\" data-e-type=\"widget\" data-widget_type=\"heading.default\">\n\t\t\t\t<div class=\"elementor-widget-container\">\n\t\t\t\t\t<h3 class=\"elementor-heading-title elementor-size-default\">Distribuimos las siguientes marcas de componentes y accesorios<\/h3>\t\t\t\t<\/div>\n\t\t\t\t<\/div>\n\t\t\t\t\t<\/div>\n\t\t<\/div>\n\t\t\t\t\t<\/div>\n\t\t<\/section>\n\t\t<div data-particle_enable=\"false\" data-particle-mobile-disabled=\"false\" class=\"elementor-element elementor-element-0df9acf e-flex e-con-boxed e-con e-parent\" data-id=\"0df9acf\" data-element_type=\"container\" data-e-type=\"container\">\n\t\t\t\t\t<div class=\"e-con-inner\">\n\t\t<div data-particle_enable=\"false\" data-particle-mobile-disabled=\"false\" class=\"elementor-element elementor-element-f99c2c8 e-con-full e-flex e-con e-child\" data-id=\"f99c2c8\" data-element_type=\"container\" data-e-type=\"container\">\n\t\t\t\t<div class=\"elementor-element elementor-element-74bf425 elementor-widget elementor-widget-image\" data-id=\"74bf425\" data-element_type=\"widget\" data-e-type=\"widget\" data-widget_type=\"image.default\">\n\t\t\t\t<div class=\"elementor-widget-container\">\n\t\t\t\t\t\t\t\t\t\t\t\t<figure class=\"wp-caption\">\n\t\t\t\t\t\t\t\t\t\t\t<a href=\"https:\/\/www.hwy.es\" target=\"_blank\" rel=\"noopener\">\n\t\t\t\t\t\t\t<img decoding=\"async\" src=\"https:\/\/www.foxlive.es\/wp-content\/uploads\/2024\/12\/logo-hwy.jpg\" title=\"HWY\" alt=\"HWY\" loading=\"lazy\" \/>\t\t\t\t\t\t\t\t<\/a>\n\t\t\t\t\t\t\t\t\t\t\t<figcaption class=\"widget-image-caption wp-caption-text\"><\/figcaption>\n\t\t\t\t\t\t\t\t\t\t<\/figure>\n\t\t\t\t\t\t\t\t\t<\/div>\n\t\t\t\t<\/div>\n\t\t\t\t<\/div>\n\t\t<div data-particle_enable=\"false\" data-particle-mobile-disabled=\"false\" class=\"elementor-element elementor-element-db94cf2 e-con-full e-flex e-con e-child\" data-id=\"db94cf2\" data-element_type=\"container\" data-e-type=\"container\">\n\t\t\t\t<div class=\"elementor-element elementor-element-ba6435a elementor-widget__width-initial elementor-widget elementor-widget-image\" data-id=\"ba6435a\" data-element_type=\"widget\" data-e-type=\"widget\" data-widget_type=\"image.default\">\n\t\t\t\t<div class=\"elementor-widget-container\">\n\t\t\t\t\t\t\t\t\t\t\t\t\t\t\t<img loading=\"lazy\" decoding=\"async\" width=\"300\" height=\"132\" src=\"https:\/\/www.foxlive.es\/wp-content\/uploads\/2024\/10\/ZYLOGO-300x132.jpg\" class=\"attachment-medium size-medium wp-image-9328\" alt=\"\" srcset=\"https:\/\/www.foxlive.es\/wp-content\/uploads\/2024\/10\/ZYLOGO-300x132.jpg 300w, https:\/\/www.foxlive.es\/wp-content\/uploads\/2024\/10\/ZYLOGO-150x66.jpg 150w, https:\/\/www.foxlive.es\/wp-content\/uploads\/2024\/10\/ZYLOGO-441x195.jpg 441w, https:\/\/www.foxlive.es\/wp-content\/uploads\/2024\/10\/ZYLOGO.jpg 467w\" sizes=\"(max-width: 300px) 100vw, 300px\" \/>\t\t\t\t\t\t\t\t\t\t\t\t\t\t\t<\/div>\n\t\t\t\t<\/div>\n\t\t\t\t<\/div>\n\t\t<div data-particle_enable=\"false\" data-particle-mobile-disabled=\"false\" class=\"elementor-element elementor-element-4a12311 e-con-full e-flex e-con e-child\" data-id=\"4a12311\" data-element_type=\"container\" data-e-type=\"container\">\n\t\t\t\t<div class=\"elementor-element elementor-element-06d7436 elementor-widget elementor-widget-image\" data-id=\"06d7436\" data-element_type=\"widget\" data-e-type=\"widget\" data-widget_type=\"image.default\">\n\t\t\t\t<div class=\"elementor-widget-container\">\n\t\t\t\t\t\t\t\t\t\t\t\t<figure class=\"wp-caption\">\n\t\t\t\t\t\t\t\t\t\t\t<a href=\"https:\/\/www.hwy.es\" target=\"_blank\" rel=\"noopener\">\n\t\t\t\t\t\t\t<img decoding=\"async\" src=\"https:\/\/www.foxlive.es\/wp-content\/uploads\/2024\/12\/cropped-logo1_foxlive_reparar_movil_barcelona.png\" title=\"cropped-logo1_foxlive_reparar_movil_barcelona\" alt=\"cropped-logo1_foxlive_reparar_movil_barcelona\" loading=\"lazy\" \/>\t\t\t\t\t\t\t\t<\/a>\n\t\t\t\t\t\t\t\t\t\t\t<figcaption class=\"widget-image-caption wp-caption-text\"><\/figcaption>\n\t\t\t\t\t\t\t\t\t\t<\/figure>\n\t\t\t\t\t\t\t\t\t<\/div>\n\t\t\t\t<\/div>\n\t\t\t\t<\/div>\n\t\t\t\t\t<\/div>\n\t\t\t\t<\/div>\n\t\t<div data-particle_enable=\"false\" data-particle-mobile-disabled=\"false\" class=\"elementor-element elementor-element-296d61a e-flex e-con-boxed e-con e-parent\" data-id=\"296d61a\" data-element_type=\"container\" data-e-type=\"container\">\n\t\t\t\t\t<div class=\"e-con-inner\">\n\t\t<div data-particle_enable=\"false\" data-particle-mobile-disabled=\"false\" class=\"elementor-element elementor-element-05aa66d e-con-full e-flex e-con e-child\" data-id=\"05aa66d\" data-element_type=\"container\" data-e-type=\"container\">\n\t\t\t\t<\/div>\n\t\t\t\t\t<\/div>\n\t\t\t\t<\/div>\n\t\t<div data-particle_enable=\"false\" data-particle-mobile-disabled=\"false\" class=\"elementor-element elementor-element-32846c3 e-flex e-con-boxed e-con e-parent\" data-id=\"32846c3\" data-element_type=\"container\" data-e-type=\"container\">\n\t\t\t\t\t<div class=\"e-con-inner\">\n\t\t\t\t\t<\/div>\n\t\t\t\t<\/div>\n\t\t\t\t<\/div>\n\t\t","protected":false},"excerpt":{"rendered":"<p>iPhone iPad MacBook iMac Servei t\u00e8cnic per a dispositius Apple a Barcelona Busques reparar el teu iPhone, iPad, MacBook o iMac a Barcelona al millor preu? A Foxlive, som especialistes en la reparaci\u00f3 de dispositius Apple amb m\u00e9s de 10 anys d&#8217;experi\u00e8ncia. Tens dubtes sobre la reparaci\u00f3 del dispositiu? * Contacti per a preus especials [&hellip;]<\/p>\n","protected":false},"author":1,"featured_media":0,"parent":0,"menu_order":0,"comment_status":"closed","ping_status":"closed","template":"","meta":{"_monsterinsights_skip_tracking":false,"_monsterinsights_sitenote_active":false,"_monsterinsights_sitenote_note":"","_monsterinsights_sitenote_category":0,"footnotes":""},"class_list":["post-10256","page","type-page","status-publish","hentry"],"_links":{"self":[{"href":"https:\/\/www.foxlive.es\/ca\/wp-json\/wp\/v2\/pages\/10256","targetHints":{"allow":["GET"]}}],"collection":[{"href":"https:\/\/www.foxlive.es\/ca\/wp-json\/wp\/v2\/pages"}],"about":[{"href":"https:\/\/www.foxlive.es\/ca\/wp-json\/wp\/v2\/types\/page"}],"author":[{"embeddable":true,"href":"https:\/\/www.foxlive.es\/ca\/wp-json\/wp\/v2\/users\/1"}],"replies":[{"embeddable":true,"href":"https:\/\/www.foxlive.es\/ca\/wp-json\/wp\/v2\/comments?post=10256"}],"version-history":[{"count":8,"href":"https:\/\/www.foxlive.es\/ca\/wp-json\/wp\/v2\/pages\/10256\/revisions"}],"predecessor-version":[{"id":10329,"href":"https:\/\/www.foxlive.es\/ca\/wp-json\/wp\/v2\/pages\/10256\/revisions\/10329"}],"wp:attachment":[{"href":"https:\/\/www.foxlive.es\/ca\/wp-json\/wp\/v2\/media?parent=10256"}],"curies":[{"name":"wp","href":"https:\/\/api.w.org\/{rel}","templated":true}]}}