{"id":10260,"date":"2025-06-17T09:26:42","date_gmt":"2025-06-17T07:26:42","guid":{"rendered":"https:\/\/www.foxlive.es\/samsung-galaxy-s23-ultra\/"},"modified":"2025-06-20T17:44:32","modified_gmt":"2025-06-20T15:44:32","slug":"reparacio-de-samsung-galaxy-s23-ultra-barcelona","status":"publish","type":"product","link":"https:\/\/www.foxlive.es\/ca\/producte\/reparacio-de-samsung-galaxy-s23-ultra-barcelona\/","title":{"rendered":"Reparaci\u00f3 de Samsung Galaxy S23 Ultra"},"content":{"rendered":"\n<p>Al nostre servei de reparaci\u00f3 de Samsung Galaxy S23 Ultra a Barcelona, \u200b\u200bestem especialitzats en solucions r\u00e0pides i eficients en la reparaci\u00f3 de Samsung. Destaquem en la reparaci\u00f3 de pantalles trencades o danyades, substituci\u00f3 de bateries amb baix rendiment i qualsevol altre tipus de recanvi que el teu Samsung Galaxy S23 Ultra pugui necessitar.<\/p>\n\n<p>El nostre equip de t\u00e8cnics altament qualificats garanteix una reparaci\u00f3 en un termini m\u00e0xim d&#8217;una hora, perqu\u00e8 puguis recuperar el dispositiu en temps r\u00e8cord i sense interrupcions en el teu dia a dia. <\/p>\n\n<p>Entenem la import\u00e0ncia de la comoditat i la flexibilitat, per la qual cosa tamb\u00e9 oferim un servei de domicili a Barcelona. Amb aquest servei, pots rebre assessorament expert, diagn\u00f2stic remot i, si ho necessites, gestionar la recollida i entrega del teu dispositiu sense haver de moure&#8217;t de casa.  <\/p>\n\n<p>Confia en nosaltres per mantenir el teu Samsung en perfecte estat, amb la m\u00e0xima qualitat i rapidesa que mereixes.<\/p>\n\n<p><\/p>\n\n<p><\/p>\n","protected":false},"excerpt":{"rendered":"<p>Reparaci\u00f3 r\u00e0pida del teu [wcj_product_title] a Barcelona. Som experts en reparar pantalles, bateries i qualsevol component en menys duna hora. A m\u00e9s, oferim servei de recollida i entrega a domicili a Barcelona per a la teva comoditat. \u00a1Tu [wcj_product_title] com a nou a l&#8217;instant!  <\/p>\n","protected":false},"featured_media":9696,"comment_status":"open","ping_status":"closed","template":"","meta":{"_monsterinsights_skip_tracking":false,"_monsterinsights_sitenote_active":false,"_monsterinsights_sitenote_note":"","_monsterinsights_sitenote_category":0},"product_brand":[],"product_cat":[96],"product_tag":[],"class_list":{"0":"post-10260","1":"product","2":"type-product","3":"status-publish","4":"has-post-thumbnail","6":"product_cat-reparar-mobil-samsung-ca","8":"first","9":"instock","10":"virtual","11":"taxable","12":"purchasable","13":"product-type-simple"},"_links":{"self":[{"href":"https:\/\/www.foxlive.es\/ca\/wp-json\/wp\/v2\/product\/10260","targetHints":{"allow":["GET"]}}],"collection":[{"href":"https:\/\/www.foxlive.es\/ca\/wp-json\/wp\/v2\/product"}],"about":[{"href":"https:\/\/www.foxlive.es\/ca\/wp-json\/wp\/v2\/types\/product"}],"replies":[{"embeddable":true,"href":"https:\/\/www.foxlive.es\/ca\/wp-json\/wp\/v2\/comments?post=10260"}],"wp:featuredmedia":[{"embeddable":true,"href":"https:\/\/www.foxlive.es\/ca\/wp-json\/wp\/v2\/media\/9696"}],"wp:attachment":[{"href":"https:\/\/www.foxlive.es\/ca\/wp-json\/wp\/v2\/media?parent=10260"}],"wp:term":[{"taxonomy":"product_brand","embeddable":true,"href":"https:\/\/www.foxlive.es\/ca\/wp-json\/wp\/v2\/product_brand?post=10260"},{"taxonomy":"product_cat","embeddable":true,"href":"https:\/\/www.foxlive.es\/ca\/wp-json\/wp\/v2\/product_cat?post=10260"},{"taxonomy":"product_tag","embeddable":true,"href":"https:\/\/www.foxlive.es\/ca\/wp-json\/wp\/v2\/product_tag?post=10260"}],"curies":[{"name":"wp","href":"https:\/\/api.w.org\/{rel}","templated":true}]}}