{"id":11190,"date":"2025-07-07T13:16:48","date_gmt":"2025-07-07T11:16:48","guid":{"rendered":"https:\/\/www.foxlive.es\/power-bank-5000mah-magsafe-fc-barcelona\/"},"modified":"2025-07-07T13:35:11","modified_gmt":"2025-07-07T11:35:11","slug":"power-bank-5000mah-magsafe-fc-barcelona","status":"publish","type":"product","link":"https:\/\/www.foxlive.es\/ca\/producto\/power-bank-5000mah-magsafe-fc-barcelona\/","title":{"rendered":"Power Bank 5000mAh MagSafe FC Barcelona"},"content":{"rendered":"<p>&#8211; Compatible con dispositivos MagSafe &#8211; Carga r\u00e1pida &#8211; 5000 mAh &#8211; USB tipo C<\/p>\n","protected":false},"excerpt":{"rendered":"<p>Bater\u00eda externa magn\u00e9tica de 5000mAh compatible con MagSafe. Carga r\u00e1pida y dise\u00f1o exclusivo FC Barcelona.<\/p>\n","protected":false},"featured_media":11219,"comment_status":"open","ping_status":"closed","template":"","meta":{"_monsterinsights_skip_tracking":false,"_monsterinsights_sitenote_active":false,"_monsterinsights_sitenote_note":"","_monsterinsights_sitenote_category":0},"product_brand":[],"product_cat":[82],"product_tag":[],"class_list":{"0":"post-11190","1":"product","2":"type-product","3":"status-publish","4":"has-post-thumbnail","6":"product_cat-accesorios-fc-barcelona","8":"first","9":"instock","10":"taxable","11":"shipping-taxable","12":"purchasable","13":"product-type-simple"},"_links":{"self":[{"href":"https:\/\/www.foxlive.es\/ca\/wp-json\/wp\/v2\/product\/11190","targetHints":{"allow":["GET"]}}],"collection":[{"href":"https:\/\/www.foxlive.es\/ca\/wp-json\/wp\/v2\/product"}],"about":[{"href":"https:\/\/www.foxlive.es\/ca\/wp-json\/wp\/v2\/types\/product"}],"replies":[{"embeddable":true,"href":"https:\/\/www.foxlive.es\/ca\/wp-json\/wp\/v2\/comments?post=11190"}],"wp:featuredmedia":[{"embeddable":true,"href":"https:\/\/www.foxlive.es\/ca\/wp-json\/wp\/v2\/media\/11219"}],"wp:attachment":[{"href":"https:\/\/www.foxlive.es\/ca\/wp-json\/wp\/v2\/media?parent=11190"}],"wp:term":[{"taxonomy":"product_brand","embeddable":true,"href":"https:\/\/www.foxlive.es\/ca\/wp-json\/wp\/v2\/product_brand?post=11190"},{"taxonomy":"product_cat","embeddable":true,"href":"https:\/\/www.foxlive.es\/ca\/wp-json\/wp\/v2\/product_cat?post=11190"},{"taxonomy":"product_tag","embeddable":true,"href":"https:\/\/www.foxlive.es\/ca\/wp-json\/wp\/v2\/product_tag?post=11190"}],"curies":[{"name":"wp","href":"https:\/\/api.w.org\/{rel}","templated":true}]}}