{"id":8240,"date":"2025-03-21T06:41:35","date_gmt":"2025-03-21T05:41:35","guid":{"rendered":"https:\/\/www.foxlive.es\/?post_type=product&#038;p=8240"},"modified":"2025-04-26T16:09:54","modified_gmt":"2025-04-26T14:09:54","slug":"reparacion-ipad-9-7-barcelona","status":"publish","type":"product","link":"https:\/\/www.foxlive.es\/en\/producto\/reparacion-ipad-9-7-barcelona\/","title":{"rendered":"Reparaci\u00f3n de IPad 9.7 (2017) A1823 A1822"},"content":{"rendered":"\n<p><\/p>\n\n\n\n<p>\u00bfNecesitas un servicio profesional de reparaci\u00f3n de ipad en Barcelona a un precio competitivo? En nuestra tienda, nos especializamos en la reparaci\u00f3n de pantallas rotas o da\u00f1adas, sustituci\u00f3n de bater\u00edas con bajo rendimiento y cualquier otro repuesto que tu IPad 9.7 (2017) A1823 A1822 pueda necesitar. Nuestro equipo de t\u00e9cnicos cualificados garantiza soluciones r\u00e1pidas y eficientes, utilizando piezas de alta calidad u originales para devolverle la funcionalidad a tu dispositivo. Adem\u00e1s, entendemos la importancia de la comodidad, por lo que ofrecemos servicio de recogida y entrega a domicilio en Barcelona. Conf\u00eda en nosotros para mantener tu IPad 9.7 (2017) A1823 A1822 en perfecto estado, con la m\u00e1xima calidad, rapidez y al mejor precio. \u00a1Reparar tu iPad en Barcelona nunca fue tan f\u00e1cil y accesible!&#8221;<\/p>\n\n\n\n<p><\/p>\n","protected":false},"excerpt":{"rendered":"<p>Servicio profesional de reparaci\u00f3n de [wcj_product_title] en Barcelona a precios competitivos. Especialistas en reparaci\u00f3n de pantallas, bater\u00edas y cualquier repuesto. Adem\u00e1s, ofrecemos servicio de recogida y entrega a domicilio en Barcelona para tu comodidad. \u00a1Elige Calidad, rapidez y buen precio si tienes que reparar tu [wcj_product_title]!<\/p>\n","protected":false},"featured_media":8241,"comment_status":"open","ping_status":"closed","template":"","meta":{"_monsterinsights_skip_tracking":false,"_monsterinsights_sitenote_active":false,"_monsterinsights_sitenote_note":"","_monsterinsights_sitenote_category":0},"product_brand":[],"product_cat":[68],"product_tag":[],"class_list":{"0":"post-8240","1":"product","2":"type-product","3":"status-publish","4":"has-post-thumbnail","6":"product_cat-reparacion-ipad-barcelona","8":"first","9":"instock","10":"virtual","11":"taxable","12":"purchasable","13":"product-type-simple"},"_links":{"self":[{"href":"https:\/\/www.foxlive.es\/en\/wp-json\/wp\/v2\/product\/8240","targetHints":{"allow":["GET"]}}],"collection":[{"href":"https:\/\/www.foxlive.es\/en\/wp-json\/wp\/v2\/product"}],"about":[{"href":"https:\/\/www.foxlive.es\/en\/wp-json\/wp\/v2\/types\/product"}],"replies":[{"embeddable":true,"href":"https:\/\/www.foxlive.es\/en\/wp-json\/wp\/v2\/comments?post=8240"}],"wp:featuredmedia":[{"embeddable":true,"href":"https:\/\/www.foxlive.es\/en\/wp-json\/wp\/v2\/media\/8241"}],"wp:attachment":[{"href":"https:\/\/www.foxlive.es\/en\/wp-json\/wp\/v2\/media?parent=8240"}],"wp:term":[{"taxonomy":"product_brand","embeddable":true,"href":"https:\/\/www.foxlive.es\/en\/wp-json\/wp\/v2\/product_brand?post=8240"},{"taxonomy":"product_cat","embeddable":true,"href":"https:\/\/www.foxlive.es\/en\/wp-json\/wp\/v2\/product_cat?post=8240"},{"taxonomy":"product_tag","embeddable":true,"href":"https:\/\/www.foxlive.es\/en\/wp-json\/wp\/v2\/product_tag?post=8240"}],"curies":[{"name":"wp","href":"https:\/\/api.w.org\/{rel}","templated":true}]}}