{"id":8569,"date":"2025-04-01T13:45:14","date_gmt":"2025-04-01T11:45:14","guid":{"rendered":"https:\/\/www.foxlive.es\/?post_type=product&#038;p=8569"},"modified":"2025-04-26T13:02:35","modified_gmt":"2025-04-26T11:02:35","slug":"ipad-pro-10-5-2017-a1701-a1709-a1852","status":"publish","type":"product","link":"https:\/\/www.foxlive.es\/en\/producto\/ipad-pro-10-5-2017-a1701-a1709-a1852\/","title":{"rendered":"Reparaci\u00f3n de \u00a0iPad Pro 10.5 (2017) A1701 A1709 A1852"},"content":{"rendered":"\n<p>\u00bfNecesitas un servicio profesional de reparaci\u00f3n de ipad en Barcelona a un precio competitivo? En nuestra tienda, nos especializamos en la reparaci\u00f3n de pantallas rotas o da\u00f1adas, sustituci\u00f3n de bater\u00edas con bajo rendimiento y cualquier otro repuesto que tu \u00a0iPad Pro 10.5 (2017) A1701 A1709 A1852 pueda necesitar. Nuestro equipo de t\u00e9cnicos cualificados garantiza soluciones r\u00e1pidas y eficientes, utilizando piezas de alta calidad u originales para devolverle la funcionalidad a tu dispositivo. Adem\u00e1s, entendemos la importancia de la comodidad, por lo que ofrecemos servicio de recogida y entrega a domicilio en Barcelona. Conf\u00eda en nosotros para mantener tu \u00a0iPad Pro 10.5 (2017) A1701 A1709 A1852 en perfecto estado, con la m\u00e1xima calidad, rapidez y al mejor precio. \u00a1Reparar tu iPad en Barcelona nunca fue tan f\u00e1cil y accesible!&#8221;<\/p>\n\n\n\n<p><\/p>\n","protected":false},"excerpt":{"rendered":"<p>Servicio profesional de reparaci\u00f3n de [wcj_product_title] en Barcelona a precios competitivos. Especialistas en reparaci\u00f3n de pantallas, bater\u00edas y cualquier repuesto. Adem\u00e1s, ofrecemos servicio de recogida y entrega a domicilio en Barcelona para tu comodidad. \u00a1Elige Calidad, rapidez y buen precio si tienes que reparar tu [wcj_product_title]!<\/p>\n","protected":false},"featured_media":8225,"comment_status":"open","ping_status":"closed","template":"","meta":{"_monsterinsights_skip_tracking":false,"_monsterinsights_sitenote_active":false,"_monsterinsights_sitenote_note":"","_monsterinsights_sitenote_category":0},"product_brand":[],"product_cat":[68],"product_tag":[],"class_list":{"0":"post-8569","1":"product","2":"type-product","3":"status-publish","4":"has-post-thumbnail","6":"product_cat-reparacion-ipad-barcelona","8":"first","9":"instock","10":"virtual","11":"taxable","12":"purchasable","13":"product-type-simple"},"_links":{"self":[{"href":"https:\/\/www.foxlive.es\/en\/wp-json\/wp\/v2\/product\/8569","targetHints":{"allow":["GET"]}}],"collection":[{"href":"https:\/\/www.foxlive.es\/en\/wp-json\/wp\/v2\/product"}],"about":[{"href":"https:\/\/www.foxlive.es\/en\/wp-json\/wp\/v2\/types\/product"}],"replies":[{"embeddable":true,"href":"https:\/\/www.foxlive.es\/en\/wp-json\/wp\/v2\/comments?post=8569"}],"wp:featuredmedia":[{"embeddable":true,"href":"https:\/\/www.foxlive.es\/en\/wp-json\/wp\/v2\/media\/8225"}],"wp:attachment":[{"href":"https:\/\/www.foxlive.es\/en\/wp-json\/wp\/v2\/media?parent=8569"}],"wp:term":[{"taxonomy":"product_brand","embeddable":true,"href":"https:\/\/www.foxlive.es\/en\/wp-json\/wp\/v2\/product_brand?post=8569"},{"taxonomy":"product_cat","embeddable":true,"href":"https:\/\/www.foxlive.es\/en\/wp-json\/wp\/v2\/product_cat?post=8569"},{"taxonomy":"product_tag","embeddable":true,"href":"https:\/\/www.foxlive.es\/en\/wp-json\/wp\/v2\/product_tag?post=8569"}],"curies":[{"name":"wp","href":"https:\/\/api.w.org\/{rel}","templated":true}]}}